{"id":158,"date":"2019-12-17T19:31:48","date_gmt":"2019-12-17T19:31:48","guid":{"rendered":"http:\/\/kerenskylawfirm.com\/?page_id=158"},"modified":"2020-04-16T18:19:22","modified_gmt":"2020-04-16T18:19:22","slug":"mike-kerensky-attorney","status":"publish","type":"page","link":"https:\/\/kerenskylawfirm.com\/es\/about-us\/mike-kerensky-attorney\/","title":{"rendered":"Mike Kerensky | Abogado"},"content":{"rendered":"<p><div class=\"fusion-fullwidth fullwidth-box fusion-builder-row-1 fusion-parallax-none other-pages-mb nonhundred-percent-fullwidth non-hundred-percent-height-scrolling\"  style='background-color: rgba(255,255,255,0);background-image: url(\"http:\/\/kerenskylawfirm.com\/wp-content\/uploads\/2019\/12\/about-mb.jpg\");background-position: center center;background-repeat: no-repeat;padding-top:150px;padding-right:0px;padding-bottom:120px;padding-left:0px;-webkit-background-size:cover;-moz-background-size:cover;-o-background-size:cover;background-size:cover;'><div class=\"fusion-builder-row fusion-row\"><div  class=\"fusion-layout-column fusion_builder_column fusion_builder_column_1_1 fusion-builder-column-1 fusion-one-full fusion-column-first fusion-column-last 1_1\"  style='margin-top:0px;margin-bottom:20px;'>\n\t\t\t\t\t<div class=\"fusion-column-wrapper\" style=\"padding: 0px 0px 0px 0px;background-position:left top;background-repeat:no-repeat;-webkit-background-size:cover;-moz-background-size:cover;-o-background-size:cover;background-size:cover;\"   data-bg-url=\"\">\n\t\t\t\t\t\t<style type=\"text\/css\"><\/style><div class=\"fusion-title title fusion-title-1 fusion-sep-none fusion-title-center fusion-title-text fusion-title-size-one other-pages-mb-title\" style=\"font-size:56px;margin-top:0px;margin-bottom:0px;\"><h1 class=\"title-heading-center\" style=\"margin:0;font-size:1em;line-height:92px;color:#ffffff;\">ABOGADO MIKE KERENSKY<\/h1><\/div><div class=\"fusion-clearfix\"><\/div>\n\n\t\t\t\t\t<\/div>\n\t\t\t\t<\/div><\/div><\/div><div class=\"fusion-fullwidth fullwidth-box fusion-builder-row-2 about-s1 attorney-s1 hundred-percent-fullwidth non-hundred-percent-height-scrolling fusion-equal-height-columns\"  style='background-color: rgba(255,255,255,0);background-position: center center;background-repeat: no-repeat;padding-top:0px;padding-bottom:0px;'><div class=\"fusion-builder-row fusion-row\"><div  class=\"fusion-layout-column fusion_builder_column fusion_builder_column_1_2 fusion-builder-column-2 fusion-one-half fusion-column-first about-s1-text-col 1_2\"  style='margin-top:0px;margin-bottom:0px;width:50%;width:calc(50% - ( ( 4% ) * 0.5 ) );margin-right: 4%;'>\n\t\t\t\t\t<div class=\"fusion-column-wrapper\" style=\"padding: 70px 0px 100px 0px;background-position:left top;background-repeat:no-repeat;-webkit-background-size:cover;-moz-background-size:cover;-o-background-size:cover;background-size:cover;\"   data-bg-url=\"\">\n\t\t\t\t\t\t<div class=\"fusion-sep-clear\"><\/div><div class=\"fusion-separator sep-single sep-solid\" style=\"border-color:#c1a056;border-top-width:9px;margin-top:;margin-bottom:30px;width:100%;max-width:40px;\"><\/div><style type=\"text\/css\"><\/style><div class=\"fusion-title title fusion-title-2 fusion-sep-none fusion-title-text fusion-title-size-two section-title\" style=\"font-size:31px;margin-top:0px;margin-bottom:31px;\"><h2 class=\"title-heading-left\" style=\"margin:0;font-size:1em;line-height:41px;color:#003a63;\">mike kerensky<\/h2><\/div><div class=\"fusion-text\"><p><span style=\"font-weight: 400;\">Despu\u00e9s de recibir mi t\u00edtulo de South Texas School of Law y fui admitido al la Bara de Abogados de Texas en el mes de Mayo de 1981, me convert\u00ed en el primer asociado del Sr. O'Quinn en su firma the abogados nombrado John O'Quinn and Associates. Con el Sr. O\u2019Quinn como mi mentor, desarroll\u00e9 las habilidades de juicio necesarias para manejar pr\u00e1cticamente cualquier tipo de caso civil. Mi lema favorito es \"el sudor le gana a los cerebros cada vez\". Me he enfrentado \u00e9xitosamente en contra corporaciones gigantes como Ford Motor Company, Showa Denka de Jap\u00f3n, Toyota, General Motors, Koch Oil Company, The Hearst Corporation y muchos otros. He hecho una carrera manejando casos dif\u00edciles para clientes gravemente heridos y las familias de otros que han muerto.<\/span><\/p>\n<\/div><div class=\"fusion-text fusion-text-split-columns fusion-text-columns-2 attorney-address-phone-col\" style=\" -webkit-column-count:2; -webkit-column-gap:2em; -webkit-column-width:100px; -moz-column-count:2; -moz-column-gap:2em; -moz-column-width:100px; column-count:2; column-gap:2em; column-width:100px;\"><p class=\"attorney-address\">440 Louisiana St Ste 2300<br \/>\nHouston, TX 77002-1061<\/p>\n<p class=\"attorney-phone\"><a class=\"attoney-phone-link\" href=\"tel:713-228-5100\">Tel\u00e9fono <span class=\"phone-number1\">713-228-5100<\/span><\/a><a class=\"attoney-phone-link\" href=\"tel:713-228-6138\">Fax <span class=\"phone-number1\">713-228-6138<\/span><\/a><\/p>\n<\/div><div class=\"fusion-button-wrapper\"><style type=\"text\/css\">.fusion-button.button-1 .fusion-button-text, .fusion-button.button-1 i {color:#c1a056;}.fusion-button.button-1 .fusion-button-icon-divider{border-color:#c1a056;}.fusion-button.button-1:hover .fusion-button-text, .fusion-button.button-1:hover i,.fusion-button.button-1:focus .fusion-button-text, .fusion-button.button-1:focus i,.fusion-button.button-1:active .fusion-button-text, .fusion-button.button-1:active{color:rgba(193,160,86,0.85);}.fusion-button.button-1:hover .fusion-button-icon-divider, .fusion-button.button-1:hover .fusion-button-icon-divider, .fusion-button.button-1:active .fusion-button-icon-divider{border-color:rgba(193,160,86,0.85);}.fusion-button.button-1:hover, .fusion-button.button-1:focus, .fusion-button.button-1:active{border-color:#ffffff;}.fusion-button.button-1 {border-color:#ffffff;border-radius:0px;}.fusion-button.button-1{background: rgba(101,188,123,0);}.fusion-button.button-1:hover,.button-1:focus,.fusion-button.button-1:active{background: rgba(90,168,108,0);}<\/style><a class=\"fusion-button button-flat fusion-button-default-size button-custom button-1 fusion-button-default-span fusion-button-default-type learn-mor-btn1\" target=\"_self\" href=\"https:\/\/kerenskylawfirm.com\/es\/contact-us\/\"><span class=\"fusion-button-text\">Env\u00edeme un correo electr\u00f3nico<\/span><\/a><\/div><div class=\"fusion-clearfix\"><\/div>\n\n\t\t\t\t\t<\/div>\n\t\t\t\t<\/div><div  class=\"fusion-layout-column fusion_builder_column fusion_builder_column_1_2 fusion-builder-column-3 fusion-one-half fusion-column-last about-s1-img-col 1_2\"  style='margin-top:0px;margin-bottom:0px;width:50%;width:calc(50% - ( ( 4% ) * 0.5 ) );'>\n\t\t\t\t\t<div class=\"fusion-column-wrapper\" style=\"padding: 0px 0px 0px 0px;background-image: url('http:\/\/kerenskylawfirm.com\/wp-content\/uploads\/2019\/12\/about-s3-img1.jpg');background-position:right top;background-repeat:no-repeat;-webkit-background-size:cover;-moz-background-size:cover;-o-background-size:cover;background-size:cover;\"   data-bg-url=\"http:\/\/kerenskylawfirm.com\/wp-content\/uploads\/2019\/12\/about-s3-img1.jpg\">\n\t\t\t\t\t\t<div class=\"fusion-clearfix\"><\/div>\n\n\t\t\t\t\t<\/div>\n\t\t\t\t<\/div><\/div><\/div><div id=\"practice-areas-section\" class=\"fusion-fullwidth fullwidth-box fusion-builder-row-3 fusion-parallax-none about-s2 nonhundred-percent-fullwidth non-hundred-percent-height-scrolling fusion-equal-height-columns\"  style='background-color: rgba(255,255,255,0);background-image: url(\"http:\/\/kerenskylawfirm.com\/wp-content\/uploads\/2019\/12\/about-s2-bg1.jpg\");background-position: center center;background-repeat: no-repeat;padding-top:40px;padding-right:0px;padding-bottom:0px;padding-left:0px;-webkit-background-size:cover;-moz-background-size:cover;-o-background-size:cover;background-size:cover;'><div class=\"fusion-builder-row fusion-row\"><div  class=\"fusion-layout-column fusion_builder_column fusion_builder_column_1_1 fusion-builder-column-4 fusion-one-full fusion-column-first fusion-column-last fusion-column-no-min-height 1_1\"  style='margin-top:0px;margin-bottom:20px;'>\n\t\t\t\t\t<div class=\"fusion-column-wrapper\" style=\"padding: 0px 0px 0px 0px;background-position:left top;background-repeat:no-repeat;-webkit-background-size:cover;-moz-background-size:cover;-o-background-size:cover;background-size:cover;\"   data-bg-url=\"\">\n\t\t\t\t\t\t<div class=\"fusion-sep-clear\"><\/div><div class=\"fusion-separator sep-single sep-solid\" style=\"border-color:#c1a056;border-top-width:9px;margin-left: auto;margin-right: auto;margin-top:;margin-bottom:30px;width:100%;max-width:40px;\"><\/div><style type=\"text\/css\"><\/style><div class=\"fusion-title title fusion-title-3 fusion-sep-none fusion-title-center fusion-title-text fusion-title-size-two section-title\" style=\"font-size:31px;margin-top:0px;margin-bottom:31px;\"><h2 class=\"title-heading-center\" style=\"margin:0;font-size:1em;line-height:41px;color:#ffffff;\">Nuestras areas de practica<\/h2><\/div><div class=\"fusion-clearfix\"><\/div>\n\n\t\t\t\t\t<\/div>\n\t\t\t\t<\/div><div  class=\"fusion-layout-column fusion_builder_column fusion_builder_column_1_3 fusion-builder-column-5 fusion-one-third fusion-column-first practice-areas-section-cols 1_3\"  style='margin-top:0px;margin-bottom:20px;width:33.33%;width:calc(33.33% - ( ( 30px + 30px ) * 0.3333 ) );margin-right: 30px;'>\n\t\t\t\t\t<div class=\"fusion-column-wrapper\" style=\"padding: 0px 0px 0px 0px;background-position:left top;background-repeat:no-repeat;-webkit-background-size:cover;-moz-background-size:cover;-o-background-size:cover;background-size:cover;\"   data-bg-url=\"\">\n\t\t\t\t\t\t<div class=\"fusion-builder-row fusion-builder-row-inner fusion-row\"><div  class=\"fusion-layout-column fusion_builder_column fusion_builder_column_1_4  fusion-one-fourth fusion-column-first 1_4\"  style='margin-top: 0px;margin-bottom: 20px;width:25%;width:calc(25% - ( ( 10px ) * 0.25 ) );margin-right:10px;'><div class=\"fusion-column-wrapper fusion-column-wrapper-1\" style=\"padding: 0px 0px 0px 0px;background-position:left top;background-repeat:no-repeat;-webkit-background-size:cover;-moz-background-size:cover;-o-background-size:cover;background-size:cover;\"  data-bg-url=\"\"><span class=\"fusion-imageframe imageframe-none imageframe-1 hover-type-none\"><img decoding=\"async\" loading=\"lazy\" src=\"http:\/\/kerenskylawfirm.com\/wp-content\/uploads\/2019\/12\/pa-icon1-min1.png\" width=\"90\" height=\"90\" alt=\"\" title=\"pa-icon1-min1\" class=\"img-responsive wp-image-105\"\/><\/span><\/div><\/div><div  class=\"fusion-layout-column fusion_builder_column fusion_builder_column_3_4  fusion-three-fourth fusion-column-last 3_4\"  style='margin-top: 0px;margin-bottom: 20px;width:75%;width:calc(75% - ( ( 10px ) * 0.75 ) );'><div class=\"fusion-column-wrapper fusion-column-wrapper-2\" style=\"padding: 0px 0px 0px 0px;background-position:left top;background-repeat:no-repeat;-webkit-background-size:cover;-moz-background-size:cover;-o-background-size:cover;background-size:cover;\"  data-bg-url=\"\"><style type=\"text\/css\"><\/style><div class=\"fusion-title title fusion-title-4 fusion-sep-none fusion-title-text fusion-title-size-three\" style=\"font-size:31px;margin-top:0px;margin-bottom:20px;\"><h3 class=\"title-heading-left\" style=\"margin:0;font-size:1em;line-height:41px;color:#ffffff;\">Lesiones personales y muerte injusta<\/h3><\/div><div class=\"fusion-text\"><p style=\"text-align: left; color: #fff;\">Si usted o un ser querido ha resultado herido o muerto por negligencia de otro o por un producto peligroso defectuoso, podemos ayudarlo.<\/p>\n<\/div><div class=\"fusion-button-wrapper\"><style type=\"text\/css\">.fusion-button.button-2 .fusion-button-text, .fusion-button.button-2 i {color:#c1a056;}.fusion-button.button-2 .fusion-button-icon-divider{border-color:#c1a056;}.fusion-button.button-2:hover .fusion-button-text, .fusion-button.button-2:hover i,.fusion-button.button-2:focus .fusion-button-text, .fusion-button.button-2:focus i,.fusion-button.button-2:active .fusion-button-text, .fusion-button.button-2:active{color:rgba(193,160,86,0.85);}.fusion-button.button-2:hover .fusion-button-icon-divider, .fusion-button.button-2:hover .fusion-button-icon-divider, .fusion-button.button-2:active .fusion-button-icon-divider{border-color:rgba(193,160,86,0.85);}.fusion-button.button-2:hover, .fusion-button.button-2:focus, .fusion-button.button-2:active{border-color:#ffffff;}.fusion-button.button-2 {border-color:#ffffff;border-radius:0px;}.fusion-button.button-2{background: rgba(101,188,123,0);}.fusion-button.button-2:hover,.button-2:focus,.fusion-button.button-2:active{background: rgba(90,168,108,0);}<\/style><a class=\"fusion-button button-flat fusion-button-default-size button-custom button-2 fusion-button-default-span fusion-button-default-type learn-mor-btn1\" target=\"_self\" href=\"https:\/\/kerenskylawfirm.com\/es\/personal-injury-wrongful-death\/\"><span class=\"fusion-button-text\">Aprende m\u00e1s<\/span><\/a><\/div><\/div><\/div><\/div><div class=\"fusion-clearfix\"><\/div>\n\n\t\t\t\t\t<\/div>\n\t\t\t\t<\/div><div  class=\"fusion-layout-column fusion_builder_column fusion_builder_column_1_3 fusion-builder-column-6 fusion-one-third practice-areas-section-cols 1_3\"  style='margin-top:0px;margin-bottom:20px;width:33.33%;width:calc(33.33% - ( ( 30px + 30px ) * 0.3333 ) );margin-right: 30px;'>\n\t\t\t\t\t<div class=\"fusion-column-wrapper\" style=\"padding: 0px 0px 0px 0px;background-position:left top;background-repeat:no-repeat;-webkit-background-size:cover;-moz-background-size:cover;-o-background-size:cover;background-size:cover;\"   data-bg-url=\"\">\n\t\t\t\t\t\t<div class=\"fusion-builder-row fusion-builder-row-inner fusion-row\"><div  class=\"fusion-layout-column fusion_builder_column fusion_builder_column_1_4  fusion-one-fourth fusion-column-first 1_4\"  style='margin-top: 0px;margin-bottom: 20px;width:25%;width:calc(25% - ( ( 10px ) * 0.25 ) );margin-right:10px;'><div class=\"fusion-column-wrapper fusion-column-wrapper-3\" style=\"padding: 0px 0px 0px 0px;background-position:left top;background-repeat:no-repeat;-webkit-background-size:cover;-moz-background-size:cover;-o-background-size:cover;background-size:cover;\"  data-bg-url=\"\"><span class=\"fusion-imageframe imageframe-none imageframe-2 hover-type-none\"><img decoding=\"async\" loading=\"lazy\" src=\"http:\/\/kerenskylawfirm.com\/wp-content\/uploads\/2019\/12\/pa-icon2-min1.png\" width=\"91\" height=\"90\" alt=\"\" title=\"pa-icon2-min1\" class=\"img-responsive wp-image-106\"\/><\/span><\/div><\/div><div  class=\"fusion-layout-column fusion_builder_column fusion_builder_column_3_4  fusion-three-fourth fusion-column-last 3_4\"  style='margin-top: 0px;margin-bottom: 20px;width:75%;width:calc(75% - ( ( 10px ) * 0.75 ) );'><div class=\"fusion-column-wrapper fusion-column-wrapper-4\" style=\"padding: 0px 0px 0px 0px;background-position:left top;background-repeat:no-repeat;-webkit-background-size:cover;-moz-background-size:cover;-o-background-size:cover;background-size:cover;\"  data-bg-url=\"\"><style type=\"text\/css\"><\/style><div class=\"fusion-title title fusion-title-5 fusion-sep-none fusion-title-text fusion-title-size-three\" style=\"font-size:31px;margin-top:0px;margin-bottom:20px;\"><h3 class=\"title-heading-left\" style=\"margin:0;font-size:1em;line-height:41px;color:#ffffff;\">Leyes de Empleo<\/h3><\/div><div class=\"fusion-text\"><p style=\"text-align: left; color: #fff;\">Si ha sufrido acoso laboral, discriminaci\u00f3n, represalias o despido injustificado, u otras pr\u00e1cticas laborales ilegales, nuestra firma puede ayudarlo a obtener la compensaci\u00f3n que merece.<\/p>\n<\/div><div class=\"fusion-button-wrapper\"><style type=\"text\/css\">.fusion-button.button-3 .fusion-button-text, .fusion-button.button-3 i {color:#c1a056;}.fusion-button.button-3 .fusion-button-icon-divider{border-color:#c1a056;}.fusion-button.button-3:hover .fusion-button-text, .fusion-button.button-3:hover i,.fusion-button.button-3:focus .fusion-button-text, .fusion-button.button-3:focus i,.fusion-button.button-3:active .fusion-button-text, .fusion-button.button-3:active{color:rgba(193,160,86,0.85);}.fusion-button.button-3:hover .fusion-button-icon-divider, .fusion-button.button-3:hover .fusion-button-icon-divider, .fusion-button.button-3:active .fusion-button-icon-divider{border-color:rgba(193,160,86,0.85);}.fusion-button.button-3:hover, .fusion-button.button-3:focus, .fusion-button.button-3:active{border-color:#ffffff;}.fusion-button.button-3 {border-color:#ffffff;border-radius:0px;}.fusion-button.button-3{background: rgba(101,188,123,0);}.fusion-button.button-3:hover,.button-3:focus,.fusion-button.button-3:active{background: rgba(90,168,108,0);}<\/style><a class=\"fusion-button button-flat fusion-button-default-size button-custom button-3 fusion-button-default-span fusion-button-default-type learn-mor-btn1\" target=\"_self\" href=\"https:\/\/kerenskylawfirm.com\/es\/employment-law\/\"><span class=\"fusion-button-text\">Aprende m\u00e1s<\/span><\/a><\/div><\/div><\/div><\/div><div class=\"fusion-clearfix\"><\/div>\n\n\t\t\t\t\t<\/div>\n\t\t\t\t<\/div><div  class=\"fusion-layout-column fusion_builder_column fusion_builder_column_1_3 fusion-builder-column-7 fusion-one-third fusion-column-last practice-areas-section-cols 1_3\"  style='margin-top:0px;margin-bottom:20px;width:33.33%;width:calc(33.33% - ( ( 30px + 30px ) * 0.3333 ) );'>\n\t\t\t\t\t<div class=\"fusion-column-wrapper\" style=\"padding: 0px 0px 0px 0px;background-position:left top;background-repeat:no-repeat;-webkit-background-size:cover;-moz-background-size:cover;-o-background-size:cover;background-size:cover;\"   data-bg-url=\"\">\n\t\t\t\t\t\t<div class=\"fusion-builder-row fusion-builder-row-inner fusion-row\"><div  class=\"fusion-layout-column fusion_builder_column fusion_builder_column_1_4  fusion-one-fourth fusion-column-first 1_4\"  style='margin-top: 0px;margin-bottom: 20px;width:25%;width:calc(25% - ( ( 10px ) * 0.25 ) );margin-right:10px;'><div class=\"fusion-column-wrapper fusion-column-wrapper-5\" style=\"padding: 0px 0px 0px 0px;background-position:left top;background-repeat:no-repeat;-webkit-background-size:cover;-moz-background-size:cover;-o-background-size:cover;background-size:cover;\"  data-bg-url=\"\"><span class=\"fusion-imageframe imageframe-none imageframe-3 hover-type-none\"><img decoding=\"async\" loading=\"lazy\" src=\"http:\/\/kerenskylawfirm.com\/wp-content\/uploads\/2019\/12\/pa-icon3-min1.png\" width=\"90\" height=\"89\" alt=\"\" title=\"pa-icon3-min1\" class=\"img-responsive wp-image-107\"\/><\/span><\/div><\/div><div  class=\"fusion-layout-column fusion_builder_column fusion_builder_column_3_4  fusion-three-fourth fusion-column-last 3_4\"  style='margin-top: 0px;margin-bottom: 20px;width:75%;width:calc(75% - ( ( 10px ) * 0.75 ) );'><div class=\"fusion-column-wrapper fusion-column-wrapper-6\" style=\"padding: 0px 0px 0px 0px;background-position:left top;background-repeat:no-repeat;-webkit-background-size:cover;-moz-background-size:cover;-o-background-size:cover;background-size:cover;\"  data-bg-url=\"\"><style type=\"text\/css\"><\/style><div class=\"fusion-title title fusion-title-6 fusion-sep-none fusion-title-text fusion-title-size-three\" style=\"font-size:31px;margin-top:0px;margin-bottom:20px;\"><h3 class=\"title-heading-left\" style=\"margin:0;font-size:1em;line-height:41px;color:#ffffff;\">Leyes de<br \/>\nNegocio<\/h3><\/div><div class=\"fusion-text\"><p style=\"text-align: left; color: #fff;\">Michael Kerensky es un litigante feroz cuando se trata de representar negocios en disputas de sociedades, disputas contractuales, incumplimiento de obligaciones fiduciarias, asuntos antimonopolio y m\u00e1s.<\/p>\n<\/div><div class=\"fusion-button-wrapper\"><style type=\"text\/css\">.fusion-button.button-4 .fusion-button-text, .fusion-button.button-4 i {color:#c1a056;}.fusion-button.button-4 .fusion-button-icon-divider{border-color:#c1a056;}.fusion-button.button-4:hover .fusion-button-text, .fusion-button.button-4:hover i,.fusion-button.button-4:focus .fusion-button-text, .fusion-button.button-4:focus i,.fusion-button.button-4:active .fusion-button-text, .fusion-button.button-4:active{color:rgba(193,160,86,0.85);}.fusion-button.button-4:hover .fusion-button-icon-divider, .fusion-button.button-4:hover .fusion-button-icon-divider, .fusion-button.button-4:active .fusion-button-icon-divider{border-color:rgba(193,160,86,0.85);}.fusion-button.button-4:hover, .fusion-button.button-4:focus, .fusion-button.button-4:active{border-color:#ffffff;}.fusion-button.button-4 {border-color:#ffffff;border-radius:0px;}.fusion-button.button-4{background: rgba(101,188,123,0);}.fusion-button.button-4:hover,.button-4:focus,.fusion-button.button-4:active{background: rgba(90,168,108,0);}<\/style><a class=\"fusion-button button-flat fusion-button-default-size button-custom button-4 fusion-button-default-span fusion-button-default-type learn-mor-btn1\" target=\"_self\" href=\"https:\/\/kerenskylawfirm.com\/es\/business-law\/\"><span class=\"fusion-button-text\">Aprende m\u00e1s<\/span><\/a><\/div><\/div><\/div><\/div><div class=\"fusion-clearfix\"><\/div>\n\n\t\t\t\t\t<\/div>\n\t\t\t\t<\/div><\/div><\/div><\/p>","protected":false},"excerpt":{"rendered":"","protected":false},"author":1,"featured_media":0,"parent":8,"menu_order":0,"comment_status":"closed","ping_status":"closed","template":"100-width.php","meta":[],"yoast_head":"<!-- This site is optimized with the Yoast SEO plugin v20.2.1 - https:\/\/yoast.com\/wordpress\/plugins\/seo\/ -->\n<title>Mike Kerensky | Attorney - Kerensky Law Firm PLLC<\/title>\n<meta name=\"robots\" content=\"index, follow, max-snippet:-1, max-image-preview:large, max-video-preview:-1\" \/>\n<link rel=\"canonical\" href=\"https:\/\/kerenskylawfirm.com\/es\/about-us\/mike-kerensky-attorney\/\" \/>\n<meta property=\"og:locale\" content=\"es_MX\" \/>\n<meta property=\"og:type\" content=\"article\" \/>\n<meta property=\"og:title\" content=\"Mike Kerensky | Attorney - Kerensky Law Firm PLLC\" \/>\n<meta property=\"og:url\" content=\"https:\/\/kerenskylawfirm.com\/es\/about-us\/mike-kerensky-attorney\/\" \/>\n<meta property=\"og:site_name\" content=\"Kerensky Law Firm PLLC\" \/>\n<meta property=\"article:modified_time\" content=\"2020-04-16T18:19:22+00:00\" \/>\n<meta name=\"twitter:card\" content=\"summary_large_image\" \/>\n<meta name=\"twitter:label1\" content=\"Tiempo de lectura\" \/>\n\t<meta name=\"twitter:data1\" content=\"7 minutos\" \/>\n<script type=\"application\/ld+json\" class=\"yoast-schema-graph\">{\"@context\":\"https:\/\/schema.org\",\"@graph\":[{\"@type\":\"WebPage\",\"@id\":\"https:\/\/kerenskylawfirm.com\/about-us\/mike-kerensky-attorney\/\",\"url\":\"https:\/\/kerenskylawfirm.com\/about-us\/mike-kerensky-attorney\/\",\"name\":\"Mike Kerensky | Attorney - Kerensky Law Firm PLLC\",\"isPartOf\":{\"@id\":\"https:\/\/kerenskylawfirm.com\/#website\"},\"datePublished\":\"2019-12-17T19:31:48+00:00\",\"dateModified\":\"2020-04-16T18:19:22+00:00\",\"breadcrumb\":{\"@id\":\"https:\/\/kerenskylawfirm.com\/about-us\/mike-kerensky-attorney\/#breadcrumb\"},\"inLanguage\":\"es-MX\",\"potentialAction\":[{\"@type\":\"ReadAction\",\"target\":[\"https:\/\/kerenskylawfirm.com\/about-us\/mike-kerensky-attorney\/\"]}]},{\"@type\":\"BreadcrumbList\",\"@id\":\"https:\/\/kerenskylawfirm.com\/about-us\/mike-kerensky-attorney\/#breadcrumb\",\"itemListElement\":[{\"@type\":\"ListItem\",\"position\":1,\"name\":\"Home\",\"item\":\"https:\/\/kerenskylawfirm.com\/\"},{\"@type\":\"ListItem\",\"position\":2,\"name\":\"About Us\",\"item\":\"https:\/\/kerenskylawfirm.com\/about-us\/\"},{\"@type\":\"ListItem\",\"position\":3,\"name\":\"Mike Kerensky | Attorney\"}]},{\"@type\":\"WebSite\",\"@id\":\"https:\/\/kerenskylawfirm.com\/#website\",\"url\":\"https:\/\/kerenskylawfirm.com\/\",\"name\":\"Kerensky Law Firm PLLC\",\"description\":\"\",\"potentialAction\":[{\"@type\":\"SearchAction\",\"target\":{\"@type\":\"EntryPoint\",\"urlTemplate\":\"https:\/\/kerenskylawfirm.com\/?s={search_term_string}\"},\"query-input\":\"required name=search_term_string\"}],\"inLanguage\":\"es-MX\"}]}<\/script>\n<!-- \/ Yoast SEO plugin. -->","yoast_head_json":{"title":"Mike Kerensky | Attorney - Kerensky Law Firm PLLC","robots":{"index":"index","follow":"follow","max-snippet":"max-snippet:-1","max-image-preview":"max-image-preview:large","max-video-preview":"max-video-preview:-1"},"canonical":"https:\/\/kerenskylawfirm.com\/es\/about-us\/mike-kerensky-attorney\/","og_locale":"es_MX","og_type":"article","og_title":"Mike Kerensky | Attorney - Kerensky Law Firm PLLC","og_url":"https:\/\/kerenskylawfirm.com\/es\/about-us\/mike-kerensky-attorney\/","og_site_name":"Kerensky Law Firm PLLC","article_modified_time":"2020-04-16T18:19:22+00:00","twitter_card":"summary_large_image","twitter_misc":{"Tiempo de lectura":"7 minutos"},"schema":{"@context":"https:\/\/schema.org","@graph":[{"@type":"WebPage","@id":"https:\/\/kerenskylawfirm.com\/about-us\/mike-kerensky-attorney\/","url":"https:\/\/kerenskylawfirm.com\/about-us\/mike-kerensky-attorney\/","name":"Mike Kerensky | Attorney - Kerensky Law Firm PLLC","isPartOf":{"@id":"https:\/\/kerenskylawfirm.com\/#website"},"datePublished":"2019-12-17T19:31:48+00:00","dateModified":"2020-04-16T18:19:22+00:00","breadcrumb":{"@id":"https:\/\/kerenskylawfirm.com\/about-us\/mike-kerensky-attorney\/#breadcrumb"},"inLanguage":"es-MX","potentialAction":[{"@type":"ReadAction","target":["https:\/\/kerenskylawfirm.com\/about-us\/mike-kerensky-attorney\/"]}]},{"@type":"BreadcrumbList","@id":"https:\/\/kerenskylawfirm.com\/about-us\/mike-kerensky-attorney\/#breadcrumb","itemListElement":[{"@type":"ListItem","position":1,"name":"Home","item":"https:\/\/kerenskylawfirm.com\/"},{"@type":"ListItem","position":2,"name":"About Us","item":"https:\/\/kerenskylawfirm.com\/about-us\/"},{"@type":"ListItem","position":3,"name":"Mike Kerensky | Attorney"}]},{"@type":"WebSite","@id":"https:\/\/kerenskylawfirm.com\/#website","url":"https:\/\/kerenskylawfirm.com\/","name":"Kerensky Law Firm PLLC","description":"","potentialAction":[{"@type":"SearchAction","target":{"@type":"EntryPoint","urlTemplate":"https:\/\/kerenskylawfirm.com\/?s={search_term_string}"},"query-input":"required name=search_term_string"}],"inLanguage":"es-MX"}]}},"_links":{"self":[{"href":"https:\/\/kerenskylawfirm.com\/es\/wp-json\/wp\/v2\/pages\/158"}],"collection":[{"href":"https:\/\/kerenskylawfirm.com\/es\/wp-json\/wp\/v2\/pages"}],"about":[{"href":"https:\/\/kerenskylawfirm.com\/es\/wp-json\/wp\/v2\/types\/page"}],"author":[{"embeddable":true,"href":"https:\/\/kerenskylawfirm.com\/es\/wp-json\/wp\/v2\/users\/1"}],"replies":[{"embeddable":true,"href":"https:\/\/kerenskylawfirm.com\/es\/wp-json\/wp\/v2\/comments?post=158"}],"version-history":[{"count":16,"href":"https:\/\/kerenskylawfirm.com\/es\/wp-json\/wp\/v2\/pages\/158\/revisions"}],"predecessor-version":[{"id":490,"href":"https:\/\/kerenskylawfirm.com\/es\/wp-json\/wp\/v2\/pages\/158\/revisions\/490"}],"up":[{"embeddable":true,"href":"https:\/\/kerenskylawfirm.com\/es\/wp-json\/wp\/v2\/pages\/8"}],"wp:attachment":[{"href":"https:\/\/kerenskylawfirm.com\/es\/wp-json\/wp\/v2\/media?parent=158"}],"curies":[{"name":"wp","href":"https:\/\/api.w.org\/{rel}","templated":true}]}}