{"id":265,"date":"2019-12-18T16:59:14","date_gmt":"2019-12-18T16:59:14","guid":{"rendered":"http:\/\/kerenskylawfirm.com\/?page_id=265"},"modified":"2020-08-11T19:58:23","modified_gmt":"2020-08-11T19:58:23","slug":"business-law","status":"publish","type":"page","link":"https:\/\/kerenskylawfirm.com\/es\/business-law\/","title":{"rendered":"Leyes de Negocio"},"content":{"rendered":"<p><div class=\"fusion-fullwidth fullwidth-box fusion-builder-row-1 fusion-parallax-none other-pages-mb nonhundred-percent-fullwidth non-hundred-percent-height-scrolling\"  style='background-color: rgba(255,255,255,0);background-image: url(\"http:\/\/kerenskylawfirm.com\/wp-content\/uploads\/2019\/12\/about-mb.jpg\");background-position: center center;background-repeat: no-repeat;padding-top:150px;padding-right:0px;padding-bottom:120px;padding-left:0px;-webkit-background-size:cover;-moz-background-size:cover;-o-background-size:cover;background-size:cover;'><div class=\"fusion-builder-row fusion-row\"><div  class=\"fusion-layout-column fusion_builder_column fusion_builder_column_1_1 fusion-builder-column-1 fusion-one-full fusion-column-first fusion-column-last 1_1\"  style='margin-top:0px;margin-bottom:20px;'>\n\t\t\t\t\t<div class=\"fusion-column-wrapper\" style=\"padding: 0px 0px 0px 0px;background-position:left top;background-repeat:no-repeat;-webkit-background-size:cover;-moz-background-size:cover;-o-background-size:cover;background-size:cover;\"   data-bg-url=\"\">\n\t\t\t\t\t\t<style type=\"text\/css\"><\/style><div class=\"fusion-title title fusion-title-1 fusion-sep-none fusion-title-center fusion-title-text fusion-title-size-one other-pages-mb-title\" style=\"font-size:56px;margin-top:0px;margin-bottom:0px;\"><h1 class=\"title-heading-center\" style=\"margin:0;font-size:1em;line-height:92px;color:#ffffff;\">derecho empresarial<\/h1><\/div><div class=\"fusion-clearfix\"><\/div>\n\n\t\t\t\t\t<\/div>\n\t\t\t\t<\/div><\/div><\/div><div class=\"fusion-fullwidth fullwidth-box fusion-builder-row-2 nonhundred-percent-fullwidth non-hundred-percent-height-scrolling fusion-equal-height-columns\"  style='background-color: rgba(255,255,255,0);background-position: center center;background-repeat: no-repeat;padding-top:0px;padding-right:0px;padding-bottom:0px;padding-left:0px;'><div class=\"fusion-builder-row fusion-row\"><div  class=\"fusion-layout-column fusion_builder_column fusion_builder_column_1_4 fusion-builder-column-2 fusion-one-fourth fusion-column-first pa-single-s1-widget-col 1_4\"  style='margin-top:0px;margin-bottom:0px;width:25%;width:calc(25% - ( ( 4% ) * 0.25 ) );margin-right: 4%;'>\n\t\t\t\t\t<div class=\"fusion-column-wrapper\" style=\"padding: 60px 0px 50px 0px;background-position:left top;background-repeat:no-repeat;-webkit-background-size:cover;-moz-background-size:cover;-o-background-size:cover;background-size:cover;\"   data-bg-url=\"\">\n\t\t\t\t\t\t<div class=\"fusion-widget-area fusion-widget-area-1 fusion-content-widget-area\"><style type=\"text\/css\">.fusion-widget-area-1 {padding:0px 0px 0px 0px;}.fusion-widget-area-1 .widget h4 {color:#333333;}.fusion-widget-area-1 .widget .heading h4 {color:#333333;}<\/style><div id=\"nav_menu-3\" class=\"widget widget_nav_menu\"><div class=\"heading\"><h4 class=\"widget-title\">Lesiones personales<\/h4><\/div><div class=\"menu-personal-injury-menu-container\"><ul id=\"menu-personal-injury-menu\" class=\"menu\"><li id=\"menu-item-454\" class=\"menu-item menu-item-type-custom menu-item-object-custom menu-item-454\"><a>Accidentes automovil\u00edsticos<\/a><\/li>\n<li id=\"menu-item-455\" class=\"menu-item menu-item-type-custom menu-item-object-custom menu-item-455\"><a>Accidentes de camiones<\/a><\/li>\n<li id=\"menu-item-456\" class=\"menu-item menu-item-type-custom menu-item-object-custom menu-item-456\"><a>Resbalones y ca\u00eddas<\/a><\/li>\n<li id=\"menu-item-457\" class=\"menu-item menu-item-type-custom menu-item-object-custom menu-item-457\"><a>Lesiones catastr\u00f3ficas<\/a><\/li>\n<li id=\"menu-item-458\" class=\"menu-item menu-item-type-custom menu-item-object-custom menu-item-458\"><a>Accidentes ferroviarios<\/a><\/li>\n<li id=\"menu-item-459\" class=\"menu-item menu-item-type-custom menu-item-object-custom menu-item-459\"><a>Accidentes industriales<\/a><\/li>\n<li id=\"menu-item-460\" class=\"menu-item menu-item-type-custom menu-item-object-custom menu-item-460\"><a>Accidentes de construccion<\/a><\/li>\n<li id=\"menu-item-461\" class=\"menu-item menu-item-type-custom menu-item-object-custom menu-item-461\"><a>Accidentes de navegaci\u00f3n<\/a><\/li>\n<li id=\"menu-item-462\" class=\"menu-item menu-item-type-custom menu-item-object-custom menu-item-462\"><a>Muerte injusta<\/a><\/li>\n<li id=\"menu-item-463\" class=\"menu-item menu-item-type-custom menu-item-object-custom menu-item-463\"><a>Abuso o lesiones en hogares de ancianos<\/a><\/li>\n<li id=\"menu-item-464\" class=\"menu-item menu-item-type-custom menu-item-object-custom menu-item-464\"><a>Responsabilidad por productos<\/a><\/li>\n<li id=\"menu-item-465\" class=\"menu-item menu-item-type-custom menu-item-object-custom menu-item-465\"><a>Negligencia m\u00e9dica<\/a><\/li>\n<li id=\"menu-item-466\" class=\"menu-item menu-item-type-custom menu-item-object-custom menu-item-466\"><a>Contaminaci\u00f3n de propiedad<\/a><\/li>\n<\/ul><\/div><\/div><div class=\"fusion-additional-widget-content\"><\/div><\/div><div class=\"fusion-widget-area fusion-widget-area-2 fusion-content-widget-area\"><style type=\"text\/css\">.fusion-widget-area-2 {padding:0px 0px 0px 0px;}.fusion-widget-area-2 .widget h4 {color:#333333;}.fusion-widget-area-2 .widget .heading h4 {color:#333333;}<\/style><div id=\"nav_menu-5\" class=\"widget widget_nav_menu\"><div class=\"heading\"><h4 class=\"widget-title\">Leyes de Empleo<\/h4><\/div><div class=\"menu-employment-law-menu-container\"><ul id=\"menu-employment-law-menu\" class=\"menu\"><li id=\"menu-item-470\" class=\"menu-item menu-item-type-custom menu-item-object-custom menu-item-470\"><a>Acoso sexual<\/a><\/li>\n<li id=\"menu-item-472\" class=\"menu-item menu-item-type-custom menu-item-object-custom menu-item-472\"><a>Discriminaci\u00f3n racial<\/a><\/li>\n<li id=\"menu-item-473\" class=\"menu-item menu-item-type-custom menu-item-object-custom menu-item-473\"><a>Discriminaci\u00f3n por edad<\/a><\/li>\n<\/ul><\/div><\/div><div class=\"fusion-additional-widget-content\"><\/div><\/div><div class=\"fusion-widget-area fusion-widget-area-3 fusion-content-widget-area\"><style type=\"text\/css\">.fusion-widget-area-3 {padding:0px 0px 0px 0px;}.fusion-widget-area-3 .widget h4 {color:#333333;}.fusion-widget-area-3 .widget .heading h4 {color:#333333;}<\/style><div id=\"nav_menu-4\" class=\"widget widget_nav_menu\"><div class=\"heading\"><h4 class=\"widget-title\">Leyes de Negocio<\/h4><\/div><div class=\"menu-business-law-menu-container\"><ul id=\"menu-business-law-menu\" class=\"menu\"><li id=\"menu-item-467\" class=\"menu-item menu-item-type-custom menu-item-object-custom menu-item-467\"><a>Litigio comercial<\/a><\/li>\n<li id=\"menu-item-468\" class=\"menu-item menu-item-type-custom menu-item-object-custom menu-item-468\"><a>Negligencia de abogado<\/a><\/li>\n<li id=\"menu-item-469\" class=\"menu-item menu-item-type-custom menu-item-object-custom menu-item-469\"><a>Incumplimiento del deber fiduciario<\/a><\/li>\n<\/ul><\/div><\/div><div class=\"fusion-additional-widget-content\"><\/div><\/div><div class=\"fusion-clearfix\"><\/div>\n\n\t\t\t\t\t<\/div>\n\t\t\t\t<\/div><div  class=\"fusion-layout-column fusion_builder_column fusion_builder_column_3_4 fusion-builder-column-3 fusion-three-fourth fusion-column-last pa-single-s1-text-col 3_4\"  style='margin-top:0px;margin-bottom:0px;width:75%;width:calc(75% - ( ( 4% ) * 0.75 ) );'>\n\t\t\t\t\t<div class=\"fusion-column-wrapper\" style=\"padding: 60px 0px 50px 0px;background-position:left top;background-repeat:no-repeat;-webkit-background-size:cover;-moz-background-size:cover;-o-background-size:cover;background-size:cover;\"   data-bg-url=\"\">\n\t\t\t\t\t\t<div class=\"fusion-sep-clear\"><\/div><div class=\"fusion-separator sep-single sep-solid\" style=\"border-color:#c1a056;border-top-width:9px;margin-top:;margin-bottom:30px;width:100%;max-width:40px;\"><\/div><style type=\"text\/css\"><\/style><div class=\"fusion-title title fusion-title-2 fusion-sep-none fusion-title-text fusion-title-size-two section-title\" style=\"font-size:31px;margin-top:0px;margin-bottom:31px;\"><h2 class=\"title-heading-left\" style=\"margin:0;font-size:1em;line-height:41px;color:#003a63;\">ABOGADO DE DERECHO COMERCIAL<\/h2><\/div><div class=\"fusion-text\"><p>En los \u00faltimos 10 a\u00f1os, he tenido cada vez m\u00e1s oportunidades de utilizar mis habilidades de prueba para representar a peque\u00f1as empresas frente a grandes corporaciones en litigios comerciales. Una muestra de esa experiencia incluye:<\/p>\n<p><strong>Litigio antimonopolio<\/strong><\/p>\n<p><strong>Disputas de asociaci\u00f3n<\/strong><\/p>\n<p><strong>Incumplimientos del deber fiduciario:<\/strong><\/p>\n<ul>\n<li>Socios<\/li>\n<li>Empleados<\/li>\n<li>Abogados y otras personas que tengan un deber fiduciario con la empresa.<\/li>\n<\/ul>\n<p><strong>Disputas contractuales con terceros<\/strong><\/p>\n<p>Encuentro este trabajo fascinante. Es complejo y de m\u00faltiples capas. Algunas de las lecciones que aprend\u00ed sobre la representaci\u00f3n de peque\u00f1as y medianas empresas son:<\/p>\n<p><strong>Muchas peque\u00f1as empresas esperan demasiado para llamar a un abogado para una consulta. <\/strong>Esto generalmente se rige por una pol\u00edtica de contenci\u00f3n de costos. Muchas veces, esperar para involucrar a un abogado termina siendo m\u00e1s costoso que una consulta temprana cuando comienzan a surgir problemas.<\/p>\n<p><strong>Los contratos son dif\u00edciles de leer y comprender incluso para la persona de peque\u00f1a empresa m\u00e1s sofisticada.<\/strong> Cuando estaba en la escuela de derecho aprendiendo sobre contratos y el C\u00f3digo Comercial Uniforme, recuerdo haber pensado: &quot;\u00bfC\u00f3mo se pueden hacer negocios sin conocer estos conceptos?&quot; Un contrato bien redactado es aquel que minimiza el riesgo de que estalle una disputa. Debe ser conciso, claro y reflejar las verdaderas intenciones de las partes. Si su socio comercial o proveedor tiene un contrato escrito por un abogado, necesita que un abogado lea ese contrato antes de firmarlo.<\/p>\n<p><strong>La empresa m\u00e1s peque\u00f1a a veces tiene menos poder de negociaci\u00f3n en una relaci\u00f3n con una gran corporaci\u00f3n.<\/strong> La gran corporaci\u00f3n tiene contratos formales y requisitos de pago que pueden ser onerosos e injustos o no. Un contrato no es m\u00e1s que una asignaci\u00f3n acordada del riesgo de la transacci\u00f3n. Disfruto mirando los contratos y pensando, &quot;\u00bfy si esto sucede bajo estos t\u00e9rminos?&quot; Es un an\u00e1lisis vital antes de firmar cualquier contacto, no importa lo simple que parezca la transacci\u00f3n en ese momento.<\/p>\n<p><strong>Cada vez m\u00e1s contratos comerciales entran en acuerdos de arbitraje y renuncian a los juicios con jurado.<\/strong> Aceptar esto es una decisi\u00f3n comercial, pero he descubierto que muchas personas de peque\u00f1as y medianas empresas aceptan el arbitraje sin realmente apreciar lo que est\u00e1n renunciando y el costo del arbitraje, que puede ser prohibitivo. Es un mal d\u00eda en la oficina cuando te das cuenta de que se ha incumplido un contrato, pero no tienes el flujo de efectivo para pagar el proceso de arbitraje que acepto sin saber cu\u00e1nto costar\u00eda.<\/p>\n<p><strong>Un deber fiduciario es un deber muy alto que se debe en una relaci\u00f3n comercial.<\/strong> Si eres fiduciario, debes el m\u00e1s alto nivel de atenci\u00f3n, lealtad y fidelidad en derecho. Debe anteponer los intereses de la persona a la que tiene un deber fiduciario por encima de los propios en todo momento. Saber si tiene una obligaci\u00f3n fiduciaria con un socio comercial o un cliente es fundamental para gestionar el riesgo.<\/p>\n<p>Si tiene un problema comercial o una pregunta y desea un consejo, ll\u00e1meme y podremos analizar c\u00f3mo podr\u00eda ayudarlo con un litigio o evitarlo a una tarifa razonable por hora y, a veces, a una tarifa contingente.<\/p>\n<\/div><div class=\"fusion-button-wrapper\"><style type=\"text\/css\">.fusion-button.button-1 .fusion-button-text, .fusion-button.button-1 i {color:#c1a056;}.fusion-button.button-1 .fusion-button-icon-divider{border-color:#c1a056;}.fusion-button.button-1:hover .fusion-button-text, .fusion-button.button-1:hover i,.fusion-button.button-1:focus .fusion-button-text, .fusion-button.button-1:focus i,.fusion-button.button-1:active .fusion-button-text, .fusion-button.button-1:active{color:rgba(193,160,86,0.85);}.fusion-button.button-1:hover .fusion-button-icon-divider, .fusion-button.button-1:hover .fusion-button-icon-divider, .fusion-button.button-1:active .fusion-button-icon-divider{border-color:rgba(193,160,86,0.85);}.fusion-button.button-1:hover, .fusion-button.button-1:focus, .fusion-button.button-1:active{border-color:#ffffff;}.fusion-button.button-1 {border-color:#ffffff;border-radius:0px;}.fusion-button.button-1{background: rgba(101,188,123,0);}.fusion-button.button-1:hover,.button-1:focus,.fusion-button.button-1:active{background: rgba(90,168,108,0);}<\/style><a class=\"fusion-button button-flat fusion-button-default-size button-custom button-1 fusion-button-default-span fusion-button-default-type learn-mor-btn1\" target=\"_self\" href=\"https:\/\/kerenskylawfirm.com\/es\/contact-us\/\"><span class=\"fusion-button-text\">Cont\u00e1ctenos<\/span><\/a><\/div><div class=\"fusion-clearfix\"><\/div>\n\n\t\t\t\t\t<\/div>\n\t\t\t\t<\/div><\/div><\/div><div class=\"fusion-fullwidth fullwidth-box fusion-builder-row-3 about-s4-test nonhundred-percent-fullwidth non-hundred-percent-height-scrolling\"  style='background-color: #003a63;background-position: center center;background-repeat: no-repeat;padding-top:60px;padding-right:0px;padding-bottom:0px;padding-left:0px;'><div class=\"fusion-builder-row fusion-row\"><div  class=\"fusion-layout-column fusion_builder_column fusion_builder_column_1_1 fusion-builder-column-4 fusion-one-full fusion-column-first fusion-column-last 1_1\"  style='margin-top:0px;margin-bottom:20px;'>\n\t\t\t\t\t<div class=\"fusion-column-wrapper\" style=\"padding: 0px 0px 0px 0px;background-position:left top;background-repeat:no-repeat;-webkit-background-size:cover;-moz-background-size:cover;-o-background-size:cover;background-size:cover;\"   data-bg-url=\"\">\n\t\t\t\t\t\t<div class=\"fusion-sep-clear\"><\/div><div class=\"fusion-separator sep-single sep-solid\" style=\"border-color:#c1a056;border-top-width:9px;margin-left: auto;margin-right: auto;margin-top:;margin-bottom:30px;width:100%;max-width:40px;\"><\/div><style type=\"text\/css\"><\/style><div class=\"fusion-title title fusion-title-3 fusion-sep-none fusion-title-center fusion-title-text fusion-title-size-two section-title\" style=\"font-size:31px;margin-top:0px;margin-bottom:31px;\"><h2 class=\"title-heading-center\" style=\"margin:0;font-size:1em;line-height:41px;color:#ffffff;\">QUE DICEN DE NOSOTROS<\/h2><\/div><div class=\"fusion-clearfix\"><\/div>\n\n\t\t\t\t\t<\/div>\n\t\t\t\t<\/div><div  class=\"fusion-layout-column fusion_builder_column fusion_builder_column_1_1 fusion-builder-column-5 fusion-one-full fusion-column-first fusion-column-last testimonials-col1 1_1\"  style='margin-top:0px;margin-bottom:20px;'>\n\t\t\t\t\t<div class=\"fusion-column-wrapper\" style=\"padding: 0px 0px 0px 0px;background-position:left top;background-repeat:no-repeat;-webkit-background-size:cover;-moz-background-size:cover;-o-background-size:cover;background-size:cover;\"   data-bg-url=\"\">\n\t\t\t\t\t\t<div class=\"fusion-builder-row fusion-builder-row-inner fusion-row\"><div  class=\"fusion-layout-column fusion_builder_column fusion_builder_column_1_4  fusion-one-fourth fusion-column-first 1_4\"  style='margin-top: 0px;margin-bottom: 20px;width:25%;width:calc(25% - ( ( 0 ) * 0.25 ) );margin-right:0px;'><div class=\"fusion-column-wrapper fusion-column-wrapper-1\" style=\"padding: 0px 0px 0px 0px;background-position:left top;background-repeat:no-repeat;-webkit-background-size:cover;-moz-background-size:cover;-o-background-size:cover;background-size:cover;\"  data-bg-url=\"\"><span class=\"fusion-imageframe imageframe-none imageframe-1 hover-type-none\"><img decoding=\"async\" loading=\"lazy\" src=\"https:\/\/kerenskylawfirm.com\/wp-content\/uploads\/2019\/12\/quotes1-min.png\" width=\"226\" height=\"181\" alt=\"\" title=\"cotizaciones1-min\" class=\"img-responsive wp-image-131\" srcset=\"https:\/\/kerenskylawfirm.com\/wp-content\/uploads\/2019\/12\/quotes1-min-200x160.png 200w, https:\/\/kerenskylawfirm.com\/wp-content\/uploads\/2019\/12\/quotes1-min.png 226w\" sizes=\"(max-width: 991px) 100vw, 226px\" \/><\/span><\/div><\/div><div  class=\"fusion-layout-column fusion_builder_column fusion_builder_column_3_4  fusion-three-fourth fusion-column-last testimonials-col1-test 3_4\"  style='margin-top: 0px;margin-bottom: 20px;width:75%;width:calc(75% - ( ( 0 ) * 0.75 ) );'><div class=\"fusion-column-wrapper fusion-column-wrapper-2\" style=\"padding: 0px 80px 0px 0px;background-position:left top;background-repeat:no-repeat;-webkit-background-size:cover;-moz-background-size:cover;-o-background-size:cover;background-size:cover;\"  data-bg-url=\"\"><div class=\"fusion-text\" id=\"test-col\"><div class='white' style='background:rgba(250, 250, 250, 0); border:solid 0px #f0f0f0; border-radius:0px; padding:8px 8px 8px 8px;'>\n<div id='sample_slider' class='owl-carousel sa_owl_theme' data-slider-id='sample_slider' style='visibility:hidden;'>\n<div id='sample_slider_slide01' class='sa_hover_container' style='padding:0% 5%; margin:0px 0%; background-color:rgba(255, 255, 255, 0); min-height:320px; '><p class=\"testimonials-text\"><i>Mike Kerensky fue un gran abogado y representante para m\u00ed durante mi demanda. Manej\u00f3 bien el caso e hizo que mi familia y yo nos sinti\u00e9ramos bienvenidos y como una prioridad. Nos reunimos varias veces durante el proceso con Mike y Erica, y nos dieron informaci\u00f3n precisa y transparente, fueron muy flexibles y atentos a nuestros horarios ocupados, e hicieron todo el trabajo duro por nosotros. Mike me proporcion\u00f3 los mejores m\u00e9dicos y la atenci\u00f3n que necesitaba y se asegur\u00f3 de que me trataran con respeto y prontitud. Mi familia y yo est\u00e1bamos bien informados sobre cada detalle del caso, y si alguna vez ten\u00edamos una pregunta, Mike y Erica nos hab\u00edan dado sus n\u00fameros de tel\u00e9fono celular personales y estaban disponibles de inmediato. Nos ayudaron a mi familia y a m\u00ed a trav\u00e9s de un momento dif\u00edcil y fue m\u00e1s f\u00e1cil de manejar y entender. Si por alguna raz\u00f3n mi familia y yo necesit\u00e1ramos un abogado o asistencia legal nuevamente, acudir\u00eda a \u00e9l en un abrir y cerrar de ojos.\u00a0<\/i><\/p>\r\n<p class=\"testimonials-name\">-Stacy M.<\/p><\/div>\n<\/div>\n<\/div>\n<script type='text\/javascript'>\n\tjQuery(document).ready(function() {\n\t\tjQuery('#sample_slider').owlCarousel({\n\t\t\titems : 1,\n\t\t\tsmartSpeed : 300,\n\t\t\tautoplay : true,\n\t\t\tautoplayTimeout : 10000,\n\t\t\tautoplayHoverPause : true,\n\t\t\tsmartSpeed : 300,\n\t\t\tfluidSpeed : 300,\n\t\t\tautoplaySpeed : 300,\n\t\t\tnavSpeed : 300,\n\t\t\tdotsSpeed : 300,\n\t\t\tloop : true,\n\t\t\tnav : true,\n\t\t\tnavText : ['Previous','Next'],\n\t\t\tdots : false,\n\t\t\tresponsiveRefreshRate : 200,\n\t\t\tslideBy : 1,\n\t\t\tmergeFit : true,\n\t\t\tautoHeight : true,\n\t\t\tmouseDrag : false,\n\t\t\ttouchDrag : true\n\t\t});\n\t\tjQuery('#sample_slider').css('visibility', 'visible');\n\t\tvar owl_goto = jQuery('#sample_slider');\n\t\tjQuery('.sample_slider_goto1').click(function(event){\n\t\t\towl_goto.trigger('to.owl.carousel', 0);\n\t\t});\n\t\tvar resize_132 = jQuery('.owl-carousel');\n\t\tresize_132.on('initialized.owl.carousel', function(e) {\n\t\t\tif (typeof(Event) === 'function') {\n\t\t\t\twindow.dispatchEvent(new Event('resize'));\n\t\t\t} else {\n\t\t\t\tvar evt = window.document.createEvent('UIEvents');\n\t\t\t\tevt.initUIEvent('resize', true, false, window, 0);\n\t\t\t\twindow.dispatchEvent(evt);\n\t\t\t}\n\t\t});\n\t});\n<\/script>\n\n<\/div><\/div><\/div><\/div><div class=\"fusion-clearfix\"><\/div>\n\n\t\t\t\t\t<\/div>\n\t\t\t\t<\/div><\/div><\/div><\/p>","protected":false},"excerpt":{"rendered":"","protected":false},"author":1,"featured_media":0,"parent":0,"menu_order":0,"comment_status":"closed","ping_status":"closed","template":"100-width.php","meta":[],"yoast_head":"<!-- This site is optimized with the Yoast SEO plugin v20.2.1 - https:\/\/yoast.com\/wordpress\/plugins\/seo\/ -->\n<title>Business Law - Kerensky Law Firm PLLC<\/title>\n<meta name=\"robots\" content=\"index, follow, max-snippet:-1, max-image-preview:large, max-video-preview:-1\" \/>\n<link rel=\"canonical\" href=\"https:\/\/kerenskylawfirm.com\/es\/business-law\/\" \/>\n<meta property=\"og:locale\" content=\"es_MX\" \/>\n<meta property=\"og:type\" content=\"article\" \/>\n<meta property=\"og:title\" content=\"Business Law - Kerensky Law Firm PLLC\" \/>\n<meta property=\"og:url\" content=\"https:\/\/kerenskylawfirm.com\/es\/business-law\/\" \/>\n<meta property=\"og:site_name\" content=\"Kerensky Law Firm PLLC\" \/>\n<meta property=\"article:modified_time\" content=\"2020-08-11T19:58:23+00:00\" \/>\n<meta name=\"twitter:card\" content=\"summary_large_image\" \/>\n<meta name=\"twitter:label1\" content=\"Tiempo de lectura\" \/>\n\t<meta name=\"twitter:data1\" content=\"9 minutos\" \/>\n<script type=\"application\/ld+json\" class=\"yoast-schema-graph\">{\"@context\":\"https:\/\/schema.org\",\"@graph\":[{\"@type\":\"WebPage\",\"@id\":\"https:\/\/kerenskylawfirm.com\/business-law\/\",\"url\":\"https:\/\/kerenskylawfirm.com\/business-law\/\",\"name\":\"Business Law - Kerensky Law Firm PLLC\",\"isPartOf\":{\"@id\":\"https:\/\/kerenskylawfirm.com\/#website\"},\"datePublished\":\"2019-12-18T16:59:14+00:00\",\"dateModified\":\"2020-08-11T19:58:23+00:00\",\"breadcrumb\":{\"@id\":\"https:\/\/kerenskylawfirm.com\/business-law\/#breadcrumb\"},\"inLanguage\":\"es-MX\",\"potentialAction\":[{\"@type\":\"ReadAction\",\"target\":[\"https:\/\/kerenskylawfirm.com\/business-law\/\"]}]},{\"@type\":\"BreadcrumbList\",\"@id\":\"https:\/\/kerenskylawfirm.com\/business-law\/#breadcrumb\",\"itemListElement\":[{\"@type\":\"ListItem\",\"position\":1,\"name\":\"Home\",\"item\":\"https:\/\/kerenskylawfirm.com\/\"},{\"@type\":\"ListItem\",\"position\":2,\"name\":\"Business Law\"}]},{\"@type\":\"WebSite\",\"@id\":\"https:\/\/kerenskylawfirm.com\/#website\",\"url\":\"https:\/\/kerenskylawfirm.com\/\",\"name\":\"Kerensky Law Firm PLLC\",\"description\":\"\",\"potentialAction\":[{\"@type\":\"SearchAction\",\"target\":{\"@type\":\"EntryPoint\",\"urlTemplate\":\"https:\/\/kerenskylawfirm.com\/?s={search_term_string}\"},\"query-input\":\"required name=search_term_string\"}],\"inLanguage\":\"es-MX\"}]}<\/script>\n<!-- \/ Yoast SEO plugin. -->","yoast_head_json":{"title":"Business Law - Kerensky Law Firm PLLC","robots":{"index":"index","follow":"follow","max-snippet":"max-snippet:-1","max-image-preview":"max-image-preview:large","max-video-preview":"max-video-preview:-1"},"canonical":"https:\/\/kerenskylawfirm.com\/es\/business-law\/","og_locale":"es_MX","og_type":"article","og_title":"Business Law - Kerensky Law Firm PLLC","og_url":"https:\/\/kerenskylawfirm.com\/es\/business-law\/","og_site_name":"Kerensky Law Firm PLLC","article_modified_time":"2020-08-11T19:58:23+00:00","twitter_card":"summary_large_image","twitter_misc":{"Tiempo de lectura":"9 minutos"},"schema":{"@context":"https:\/\/schema.org","@graph":[{"@type":"WebPage","@id":"https:\/\/kerenskylawfirm.com\/business-law\/","url":"https:\/\/kerenskylawfirm.com\/business-law\/","name":"Business Law - Kerensky Law Firm PLLC","isPartOf":{"@id":"https:\/\/kerenskylawfirm.com\/#website"},"datePublished":"2019-12-18T16:59:14+00:00","dateModified":"2020-08-11T19:58:23+00:00","breadcrumb":{"@id":"https:\/\/kerenskylawfirm.com\/business-law\/#breadcrumb"},"inLanguage":"es-MX","potentialAction":[{"@type":"ReadAction","target":["https:\/\/kerenskylawfirm.com\/business-law\/"]}]},{"@type":"BreadcrumbList","@id":"https:\/\/kerenskylawfirm.com\/business-law\/#breadcrumb","itemListElement":[{"@type":"ListItem","position":1,"name":"Home","item":"https:\/\/kerenskylawfirm.com\/"},{"@type":"ListItem","position":2,"name":"Business Law"}]},{"@type":"WebSite","@id":"https:\/\/kerenskylawfirm.com\/#website","url":"https:\/\/kerenskylawfirm.com\/","name":"Kerensky Law Firm PLLC","description":"","potentialAction":[{"@type":"SearchAction","target":{"@type":"EntryPoint","urlTemplate":"https:\/\/kerenskylawfirm.com\/?s={search_term_string}"},"query-input":"required name=search_term_string"}],"inLanguage":"es-MX"}]}},"_links":{"self":[{"href":"https:\/\/kerenskylawfirm.com\/es\/wp-json\/wp\/v2\/pages\/265"}],"collection":[{"href":"https:\/\/kerenskylawfirm.com\/es\/wp-json\/wp\/v2\/pages"}],"about":[{"href":"https:\/\/kerenskylawfirm.com\/es\/wp-json\/wp\/v2\/types\/page"}],"author":[{"embeddable":true,"href":"https:\/\/kerenskylawfirm.com\/es\/wp-json\/wp\/v2\/users\/1"}],"replies":[{"embeddable":true,"href":"https:\/\/kerenskylawfirm.com\/es\/wp-json\/wp\/v2\/comments?post=265"}],"version-history":[{"count":10,"href":"https:\/\/kerenskylawfirm.com\/es\/wp-json\/wp\/v2\/pages\/265\/revisions"}],"predecessor-version":[{"id":553,"href":"https:\/\/kerenskylawfirm.com\/es\/wp-json\/wp\/v2\/pages\/265\/revisions\/553"}],"wp:attachment":[{"href":"https:\/\/kerenskylawfirm.com\/es\/wp-json\/wp\/v2\/media?parent=265"}],"curies":[{"name":"wp","href":"https:\/\/api.w.org\/{rel}","templated":true}]}}