{"id":3,"date":"2019-12-11T15:13:35","date_gmt":"2019-12-11T15:13:35","guid":{"rendered":"http:\/\/kerenskylawfirm.com\/?page_id=3"},"modified":"2020-04-03T16:01:37","modified_gmt":"2020-04-03T16:01:37","slug":"privacy-policy","status":"publish","type":"page","link":"https:\/\/kerenskylawfirm.com\/es\/privacy-policy\/","title":{"rendered":"Pol\u00edtica de privacidad"},"content":{"rendered":"<h2>Quienes somos<\/h2>\r\n\r\n\r\n\r\n<p>Our website address is: http:\/\/kerenskylawfirm.com.<\/p>\r\n<p>Su privacidad es muy importante para nosotros, y lo siguiente le informar\u00e1 sobre la informaci\u00f3n que nosotros, The Kerensky Law Firm, PLLC, podemos recopilar de usted y c\u00f3mo se utiliza. Al utilizar nuestro sitio web, kerenskylawfirm.com, acepta las pr\u00e1cticas descritas en esta pol\u00edtica.<\/p>\r\n\r\n\r\n\r\n<h2>Qu\u00e9 datos personales recopilamos y por qu\u00e9 los recopilamos<\/h2>\r\n\r\n\r\n\r\n<p>Podemos recopilar informaci\u00f3n no personal, como un nombre de dominio y una direcci\u00f3n IP. El nombre de dominio y la direcci\u00f3n IP no revelan nada personal sobre usted m\u00e1s que la direcci\u00f3n IP desde la que ha accedido a nuestro sitio. Tambi\u00e9n podemos recopilar informaci\u00f3n sobre el tipo de navegador de Internet que est\u00e1 utilizando, el sistema operativo, lo que lo llev\u00f3 a nuestro sitio web, as\u00ed como a cu\u00e1les de nuestras p\u00e1ginas web ha accedido.<\/p>\r\n<h3>Uso de la informaci\u00f3n<\/h3>\r\n<p>Utilizamos la informaci\u00f3n recopilada principalmente para nuestros propios fines internos, como proporcionar, mantener, evaluar y mejorar nuestros servicios y el sitio web, cumplir con las solicitudes de informaci\u00f3n y brindar atenci\u00f3n al cliente.<\/p>\r\n<h3>Comentarios<\/h3>\r\n\r\n\r\n\r\n<p>Cuando los visitantes dejan comentarios en el sitio, recopilamos los datos que se muestran en el formulario de comentarios, y tambi\u00e9n la direcci\u00f3n IP del visitante y la cadena del agente de usuario del navegador para ayudar a la detecci\u00f3n de spam.<\/p>\r\n\r\n\r\n\r\n<p>Se puede proporcionar una cadena an\u00f3nima creada a partir de su direcci\u00f3n de correo electr\u00f3nico (tambi\u00e9n llamada hash) al servicio Gravatar para ver si la est\u00e1 utilizando. La pol\u00edtica de privacidad del servicio Gravatar est\u00e1 disponible aqu\u00ed: https:\/\/automattic.com\/privacy\/. Despu\u00e9s de la aprobaci\u00f3n de su comentario, su foto de perfil es visible para el p\u00fablico en el contexto de su comentario.<\/p>\r\n\r\n\r\n\r\n\r\n\r\n<h3>Formularios de contacto<\/h3>\r\n<p>Si se comunica con nosotros con respecto a nuestro sitio web o nuestros servicios, recopilaremos cualquier informaci\u00f3n que nos proporcione en dicha comunicaci\u00f3n.<\/p>\r\n<p>Es posible que nos comuniquemos con usted por correo electr\u00f3nico en el futuro para informarle sobre ofertas especiales, nuevos productos o servicios, o cambios a esta pol\u00edtica de privacidad.<\/p>\r\n\r\n\r\n\r\n<h3>Galletas<\/h3>\r\n\r\n\r\n\r\n<p>Usamos cookies en este sitio. Una cookie es un dato almacenado en el disco duro de un visitante del sitio para ayudarnos a mejorar su acceso a nuestro sitio e identificar a los visitantes que repiten. Por ejemplo, cuando usamos una cookie para identificarlo, no tendr\u00eda que ingresar una contrase\u00f1a m\u00e1s de una vez, lo que le permitir\u00e1 ahorrar tiempo en nuestro sitio. Las cookies tambi\u00e9n pueden permitirnos rastrear y apuntar a los intereses de nuestros usuarios para mejorar la experiencia en nuestro sitio. El uso de una cookie no est\u00e1 vinculado de ninguna manera a ninguna informaci\u00f3n de identificaci\u00f3n personal en nuestro sitio. Estas cookies durar\u00e1n un a\u00f1o.<\/p>\r\n\r\n\r\n\r\n\r\n\r\n<h3>Contenido incrustado de otros sitios web<\/h3>\r\n\r\n\r\n\r\n<p>Los art\u00edculos de este sitio pueden incluir contenido incrustado (por ejemplo, videos, im\u00e1genes, art\u00edculos, etc.). El contenido incrustado de otros sitios web se comporta exactamente de la misma manera que si el visitante hubiera visitado el otro sitio web.<\/p>\r\n\r\n\r\n\r\n<p>Estos sitios web pueden recopilar datos sobre usted, usar cookies, incrustar un seguimiento adicional de terceros y monitorear su interacci\u00f3n con ese contenido incrustado, incluido el seguimiento de su interacci\u00f3n con el contenido incrustado si tiene una cuenta y est\u00e1 conectado a ese sitio web.<\/p>\r\n<h3>Enlaces<\/h3>\r\n<p>Este sitio web puede contener enlaces a otros sitios. Tenga en cuenta que no somos responsables del contenido o las pr\u00e1cticas de privacidad de esos otros sitios. Alentamos a nuestros usuarios a estar atentos cuando abandonan nuestro sitio y a leer las declaraciones de privacidad de cualquier otro sitio que recopile informaci\u00f3n de identificaci\u00f3n personal.<\/p>\r\n\r\n\r\n\r\n\r\n\r\n<h2>Con qui\u00e9n compartimos sus datos<\/h2>\r\n<p>No venderemos ni proporcionaremos la informaci\u00f3n que recopilamos a terceros externos con el prop\u00f3sito de marketing masivo por correo electr\u00f3nico directo o indirecto.<\/p>\r\n<p>Divulgaremos informaci\u00f3n personal y \/ o una direcci\u00f3n IP, cuando as\u00ed lo requiera la ley o si creemos de buena fe que dicha acci\u00f3n es necesaria para:<\/p>\r\n<ul>\r\n<li>Cooperar con las investigaciones de supuestas actividades il\u00edcitas y cumplir con los edictos de la ley o cumplir con el proceso legal presentado en nuestra empresa.<\/li>\r\n<li>Proteger y defender los derechos o la propiedad de nuestro sitio web y propiedades relacionadas.<\/li>\r\n<li>Identificar a las personas que puedan estar violando la ley, los derechos de terceros o haciendo un mal uso de nuestro sitio web o sus propiedades relacionadas.<\/li>\r\n<\/ul>\r\n<p>Tenga en cuenta que siempre que divulgue voluntariamente informaci\u00f3n personal en l\u00ednea, por ejemplo, a trav\u00e9s del correo electr\u00f3nico, foros de discusi\u00f3n o cualquier otro lugar, esa informaci\u00f3n puede ser recopilada y utilizada por otros. En resumen, si publica informaci\u00f3n personal en l\u00ednea que sea accesible para el p\u00fablico, puede recibir mensajes no solicitados de otras partes a cambio.<\/p>\r\n<p>En \u00faltima instancia, usted es el \u00fanico responsable de mantener el secreto de su informaci\u00f3n personal. Por favor, sea cuidadoso y responsable cuando est\u00e9 en l\u00ednea.<\/p>\r\n\r\n\r\n\r\n<h2>Cu\u00e1nto tiempo conservamos sus datos<\/h2>\r\n\r\n\r\n\r\n<p>Si deja un comentario o completa el formulario de contacto, el comentario y sus metadatos se conservan indefinidamente. Esto es para que podamos reconocer y aprobar cualquier comentario de seguimiento autom\u00e1ticamente en lugar de mantenerlos en una cola de moderaci\u00f3n.<\/p>\r\n\r\n\r\n\r\n\r\n\r\n<h3>Seguridad<\/h3>\r\n<p>Seguimos los est\u00e1ndares de la industria generalmente aceptados para proteger la informaci\u00f3n que se nos env\u00eda, tanto durante la transmisi\u00f3n como una vez que la recibimos.<\/p>\r\n<p>Si recopilamos informaci\u00f3n confidencial (como datos de tarjetas de cr\u00e9dito), esa informaci\u00f3n se cifra y se nos transmite de forma segura. Puede verificar esto buscando un icono de candado cerrado en la parte inferior de su navegador web o buscando &quot;https&quot; al comienzo de la direcci\u00f3n de la p\u00e1gina web.<\/p>\r\n<p>Si bien utilizamos el cifrado para proteger la informaci\u00f3n confidencial transmitida en l\u00ednea, tambi\u00e9n protegemos su informaci\u00f3n fuera de l\u00ednea. Solo los empleados que necesitan la informaci\u00f3n para realizar un trabajo espec\u00edfico (por ejemplo, facturaci\u00f3n o servicio al cliente) tienen acceso a informaci\u00f3n de identificaci\u00f3n personal. Las computadoras \/ servidores en los que almacenamos informaci\u00f3n de identificaci\u00f3n personal se mantienen en un entorno seguro.<\/p>\r\n\r\n\r\n\r\n<h3>Consentimiento<\/h3>\r\n<p>Al utilizar este sitio web, usted acepta la recopilaci\u00f3n y el uso de informaci\u00f3n como se especifica anteriormente. Si realizamos cambios en nuestra Pol\u00edtica de privacidad, publicaremos esos cambios en esta p\u00e1gina. Revise esta p\u00e1gina con frecuencia para mantenerse actualizado con la informaci\u00f3n que recopilamos, c\u00f3mo la usamos y bajo qu\u00e9 circunstancias la divulgamos. Debe revisar la nueva Pol\u00edtica de privacidad detenidamente para asegurarse de que comprende nuestras pr\u00e1cticas y procedimientos.<\/p>\r\n<p>Si cree que no estamos cumpliendo con esta pol\u00edtica de privacidad, debe comunicarse con nosotros de inmediato por tel\u00e9fono al <a class=\"header-phone-number\" href=\"tel:713-228-5100\">713-228-5100<\/a>o por correo a la atenci\u00f3n de: Privacy Officer, 440 Louisiana St Ste 2300, Houston, TX 77002-1061<\/p>","protected":false},"excerpt":{"rendered":"<p>Who we are Our website address is: http:\/\/kerenskylawfirm.com. Your privacy [&hellip;]<\/p>","protected":false},"author":1,"featured_media":0,"parent":0,"menu_order":0,"comment_status":"closed","ping_status":"open","template":"","meta":[],"yoast_head":"<!-- This site is optimized with the Yoast SEO plugin v20.2.1 - https:\/\/yoast.com\/wordpress\/plugins\/seo\/ -->\n<title>Privacy Policy - Kerensky Law Firm PLLC<\/title>\n<meta name=\"robots\" content=\"index, follow, max-snippet:-1, max-image-preview:large, max-video-preview:-1\" \/>\n<link rel=\"canonical\" href=\"https:\/\/kerenskylawfirm.com\/es\/privacy-policy\/\" \/>\n<meta property=\"og:locale\" content=\"es_MX\" \/>\n<meta property=\"og:type\" content=\"article\" \/>\n<meta property=\"og:title\" content=\"Privacy Policy - Kerensky Law Firm PLLC\" \/>\n<meta property=\"og:description\" content=\"Who we are Our website address is: http:\/\/kerenskylawfirm.com. Your privacy [&hellip;]\" \/>\n<meta property=\"og:url\" content=\"https:\/\/kerenskylawfirm.com\/es\/privacy-policy\/\" \/>\n<meta property=\"og:site_name\" content=\"Kerensky Law Firm PLLC\" \/>\n<meta property=\"article:modified_time\" content=\"2020-04-03T16:01:37+00:00\" \/>\n<meta name=\"twitter:card\" content=\"summary_large_image\" \/>\n<meta name=\"twitter:label1\" content=\"Tiempo de lectura\" \/>\n\t<meta name=\"twitter:data1\" content=\"5 minutos\" \/>\n<script type=\"application\/ld+json\" class=\"yoast-schema-graph\">{\"@context\":\"https:\/\/schema.org\",\"@graph\":[{\"@type\":\"WebPage\",\"@id\":\"https:\/\/kerenskylawfirm.com\/privacy-policy\/\",\"url\":\"https:\/\/kerenskylawfirm.com\/privacy-policy\/\",\"name\":\"Privacy Policy - Kerensky Law Firm PLLC\",\"isPartOf\":{\"@id\":\"https:\/\/kerenskylawfirm.com\/#website\"},\"datePublished\":\"2019-12-11T15:13:35+00:00\",\"dateModified\":\"2020-04-03T16:01:37+00:00\",\"breadcrumb\":{\"@id\":\"https:\/\/kerenskylawfirm.com\/privacy-policy\/#breadcrumb\"},\"inLanguage\":\"es-MX\",\"potentialAction\":[{\"@type\":\"ReadAction\",\"target\":[\"https:\/\/kerenskylawfirm.com\/privacy-policy\/\"]}]},{\"@type\":\"BreadcrumbList\",\"@id\":\"https:\/\/kerenskylawfirm.com\/privacy-policy\/#breadcrumb\",\"itemListElement\":[{\"@type\":\"ListItem\",\"position\":1,\"name\":\"Home\",\"item\":\"https:\/\/kerenskylawfirm.com\/\"},{\"@type\":\"ListItem\",\"position\":2,\"name\":\"Privacy Policy\"}]},{\"@type\":\"WebSite\",\"@id\":\"https:\/\/kerenskylawfirm.com\/#website\",\"url\":\"https:\/\/kerenskylawfirm.com\/\",\"name\":\"Kerensky Law Firm PLLC\",\"description\":\"\",\"potentialAction\":[{\"@type\":\"SearchAction\",\"target\":{\"@type\":\"EntryPoint\",\"urlTemplate\":\"https:\/\/kerenskylawfirm.com\/?s={search_term_string}\"},\"query-input\":\"required name=search_term_string\"}],\"inLanguage\":\"es-MX\"}]}<\/script>\n<!-- \/ Yoast SEO plugin. -->","yoast_head_json":{"title":"Privacy Policy - Kerensky Law Firm PLLC","robots":{"index":"index","follow":"follow","max-snippet":"max-snippet:-1","max-image-preview":"max-image-preview:large","max-video-preview":"max-video-preview:-1"},"canonical":"https:\/\/kerenskylawfirm.com\/es\/privacy-policy\/","og_locale":"es_MX","og_type":"article","og_title":"Privacy Policy - Kerensky Law Firm PLLC","og_description":"Who we are Our website address is: http:\/\/kerenskylawfirm.com. Your privacy [&hellip;]","og_url":"https:\/\/kerenskylawfirm.com\/es\/privacy-policy\/","og_site_name":"Kerensky Law Firm PLLC","article_modified_time":"2020-04-03T16:01:37+00:00","twitter_card":"summary_large_image","twitter_misc":{"Tiempo de lectura":"5 minutos"},"schema":{"@context":"https:\/\/schema.org","@graph":[{"@type":"WebPage","@id":"https:\/\/kerenskylawfirm.com\/privacy-policy\/","url":"https:\/\/kerenskylawfirm.com\/privacy-policy\/","name":"Privacy Policy - Kerensky Law Firm PLLC","isPartOf":{"@id":"https:\/\/kerenskylawfirm.com\/#website"},"datePublished":"2019-12-11T15:13:35+00:00","dateModified":"2020-04-03T16:01:37+00:00","breadcrumb":{"@id":"https:\/\/kerenskylawfirm.com\/privacy-policy\/#breadcrumb"},"inLanguage":"es-MX","potentialAction":[{"@type":"ReadAction","target":["https:\/\/kerenskylawfirm.com\/privacy-policy\/"]}]},{"@type":"BreadcrumbList","@id":"https:\/\/kerenskylawfirm.com\/privacy-policy\/#breadcrumb","itemListElement":[{"@type":"ListItem","position":1,"name":"Home","item":"https:\/\/kerenskylawfirm.com\/"},{"@type":"ListItem","position":2,"name":"Privacy Policy"}]},{"@type":"WebSite","@id":"https:\/\/kerenskylawfirm.com\/#website","url":"https:\/\/kerenskylawfirm.com\/","name":"Kerensky Law Firm PLLC","description":"","potentialAction":[{"@type":"SearchAction","target":{"@type":"EntryPoint","urlTemplate":"https:\/\/kerenskylawfirm.com\/?s={search_term_string}"},"query-input":"required name=search_term_string"}],"inLanguage":"es-MX"}]}},"_links":{"self":[{"href":"https:\/\/kerenskylawfirm.com\/es\/wp-json\/wp\/v2\/pages\/3"}],"collection":[{"href":"https:\/\/kerenskylawfirm.com\/es\/wp-json\/wp\/v2\/pages"}],"about":[{"href":"https:\/\/kerenskylawfirm.com\/es\/wp-json\/wp\/v2\/types\/page"}],"author":[{"embeddable":true,"href":"https:\/\/kerenskylawfirm.com\/es\/wp-json\/wp\/v2\/users\/1"}],"replies":[{"embeddable":true,"href":"https:\/\/kerenskylawfirm.com\/es\/wp-json\/wp\/v2\/comments?post=3"}],"version-history":[{"count":1,"href":"https:\/\/kerenskylawfirm.com\/es\/wp-json\/wp\/v2\/pages\/3\/revisions"}],"predecessor-version":[{"id":415,"href":"https:\/\/kerenskylawfirm.com\/es\/wp-json\/wp\/v2\/pages\/3\/revisions\/415"}],"wp:attachment":[{"href":"https:\/\/kerenskylawfirm.com\/es\/wp-json\/wp\/v2\/media?parent=3"}],"curies":[{"name":"wp","href":"https:\/\/api.w.org\/{rel}","templated":true}]}}